{"id":1326,"date":"2023-01-17T12:26:42","date_gmt":"2023-01-17T12:26:42","guid":{"rendered":"https:\/\/www.elraconetjavea.com\/home-2\/"},"modified":"2026-01-26T15:09:10","modified_gmt":"2026-01-26T15:09:10","slug":"inicio","status":"publish","type":"page","link":"https:\/\/www.elraconetjavea.com\/en\/","title":{"rendered":"Home"},"content":{"rendered":"<h2 class=\"wp-block-heading\">About Us<\/h2>\n\n<!-- wp:Array \/-->\n\n<div class=\"wp-block-buttons is-layout-flex wp-block-buttons-is-layout-flex\"><div class=\"wp-block-button\"><a class=\"wp-block-button__link\">About Us<\/a><\/div><\/div>\n\n<figure class=\"wp-block-image size-full\"><img decoding=\"async\" width=\"2560\" height=\"1707\" src=\"https:\/\/www.elraconetjavea.com\/wp-content\/uploads\/2023\/01\/DSC6506-scaled.jpg\" class=\"wp-image-1101\" alt=\"|\" title=\"|\" srcset=\"https:\/\/www.elraconetjavea.com\/wp-content\/uploads\/2023\/01\/DSC6506-scaled.jpg 2560w, https:\/\/www.elraconetjavea.com\/wp-content\/uploads\/2023\/01\/DSC6506-300x200.jpg 300w, https:\/\/www.elraconetjavea.com\/wp-content\/uploads\/2023\/01\/DSC6506-1024x683.jpg 1024w, https:\/\/www.elraconetjavea.com\/wp-content\/uploads\/2023\/01\/DSC6506-768x512.jpg 768w, https:\/\/www.elraconetjavea.com\/wp-content\/uploads\/2023\/01\/DSC6506-1536x1024.jpg 1536w, https:\/\/www.elraconetjavea.com\/wp-content\/uploads\/2023\/01\/DSC6506-2048x1365.jpg 2048w\" sizes=\"(max-width: 2560px) 100vw, 2560px\"><figcaption>|<\/figcaption><\/figure>\n\n<figure class=\"wp-block-gallery columns-6 is-cropped wp-block-gallery-1 is-layout-flex wp-block-gallery-is-layout-flex\"><ul class=\"blocks-gallery-grid\"><li class=\"blocks-gallery-item\"><figure><img decoding=\"async\" width=\"1024\" height=\"683\" src=\"https:\/\/www.elraconetjavea.com\/wp-content\/uploads\/2023\/01\/DSC6599-1024x683.jpg\" alt=\"Close-up of a slice of creamy cake with cream topping and chocolate threads, decorated with red fruits and a cherry, served on a handmade plate next to a cappuccino coffee at El Raconet Restaurant in J\u00e1vea.\" data-id=\"1104\" data-full-url=\"https:\/\/www.elraconetjavea.com\/wp-content\/uploads\/2023\/01\/DSC6599-scaled.jpg\" data-link=\"https:\/\/www.elraconetjavea.com\/en\/_dsc6599-2\/\" class=\"wp-image-1104\" title=\"|\" srcset=\"https:\/\/www.elraconetjavea.com\/wp-content\/uploads\/2023\/01\/DSC6599-1024x683.jpg 1024w, https:\/\/www.elraconetjavea.com\/wp-content\/uploads\/2023\/01\/DSC6599-300x200.jpg 300w, https:\/\/www.elraconetjavea.com\/wp-content\/uploads\/2023\/01\/DSC6599-768x512.jpg 768w, https:\/\/www.elraconetjavea.com\/wp-content\/uploads\/2023\/01\/DSC6599-1536x1024.jpg 1536w, https:\/\/www.elraconetjavea.com\/wp-content\/uploads\/2023\/01\/DSC6599-2048x1365.jpg 2048w\" sizes=\"(max-width: 1024px) 100vw, 1024px\"><\/figure><\/li><li class=\"blocks-gallery-item\"><figure><img decoding=\"async\" width=\"1024\" height=\"683\" src=\"https:\/\/www.elraconetjavea.com\/wp-content\/uploads\/2023\/01\/DSC6689-1024x683.jpg\" alt=\"Pizza in preparation for serving at the table\" data-id=\"1105\" data-full-url=\"https:\/\/www.elraconetjavea.com\/wp-content\/uploads\/2023\/01\/DSC6689-scaled.jpg\" data-link=\"https:\/\/www.elraconetjavea.com\/en\/_dsc6689-2\/\" class=\"wp-image-1105\" title=\"|\" srcset=\"https:\/\/www.elraconetjavea.com\/wp-content\/uploads\/2023\/01\/DSC6689-1024x683.jpg 1024w, https:\/\/www.elraconetjavea.com\/wp-content\/uploads\/2023\/01\/DSC6689-300x200.jpg 300w, https:\/\/www.elraconetjavea.com\/wp-content\/uploads\/2023\/01\/DSC6689-768x512.jpg 768w, https:\/\/www.elraconetjavea.com\/wp-content\/uploads\/2023\/01\/DSC6689-1536x1024.jpg 1536w, https:\/\/www.elraconetjavea.com\/wp-content\/uploads\/2023\/01\/DSC6689-2048x1365.jpg 2048w\" sizes=\"(max-width: 1024px) 100vw, 1024px\"><\/figure><\/li><li class=\"blocks-gallery-item\"><figure><img decoding=\"async\" width=\"1024\" height=\"683\" src=\"https:\/\/www.elraconetjavea.com\/wp-content\/uploads\/2023\/01\/DSC7799-1024x683.jpg\" alt=\"Caramelized chicken wings with barbecue sauce and straw potatoes\" data-id=\"1106\" data-full-url=\"https:\/\/www.elraconetjavea.com\/wp-content\/uploads\/2023\/01\/DSC7799-scaled.jpg\" data-link=\"https:\/\/www.elraconetjavea.com\/en\/_dsc7799-2\/\" class=\"wp-image-1106\" title=\"|\" srcset=\"https:\/\/www.elraconetjavea.com\/wp-content\/uploads\/2023\/01\/DSC7799-1024x683.jpg 1024w, https:\/\/www.elraconetjavea.com\/wp-content\/uploads\/2023\/01\/DSC7799-300x200.jpg 300w, https:\/\/www.elraconetjavea.com\/wp-content\/uploads\/2023\/01\/DSC7799-768x512.jpg 768w, https:\/\/www.elraconetjavea.com\/wp-content\/uploads\/2023\/01\/DSC7799-1536x1024.jpg 1536w, https:\/\/www.elraconetjavea.com\/wp-content\/uploads\/2023\/01\/DSC7799-2048x1365.jpg 2048w\" sizes=\"(max-width: 1024px) 100vw, 1024px\"><\/figure><\/li><li class=\"blocks-gallery-item\"><figure><img decoding=\"async\" width=\"1024\" height=\"683\" src=\"https:\/\/www.elraconetjavea.com\/wp-content\/uploads\/2023\/01\/DSC7805-1024x683.jpg\" alt=\"Plate with several sandwiches accompanied with sauce and potatoes.\" data-id=\"1107\" data-full-url=\"https:\/\/www.elraconetjavea.com\/wp-content\/uploads\/2023\/01\/DSC7805-scaled.jpg\" data-link=\"https:\/\/www.elraconetjavea.com\/en\/_dsc7805-2\/\" class=\"wp-image-1107\" title=\"|\" srcset=\"https:\/\/www.elraconetjavea.com\/wp-content\/uploads\/2023\/01\/DSC7805-1024x683.jpg 1024w, https:\/\/www.elraconetjavea.com\/wp-content\/uploads\/2023\/01\/DSC7805-300x200.jpg 300w, https:\/\/www.elraconetjavea.com\/wp-content\/uploads\/2023\/01\/DSC7805-768x512.jpg 768w, https:\/\/www.elraconetjavea.com\/wp-content\/uploads\/2023\/01\/DSC7805-1536x1024.jpg 1536w, https:\/\/www.elraconetjavea.com\/wp-content\/uploads\/2023\/01\/DSC7805-2048x1365.jpg 2048w\" sizes=\"(max-width: 1024px) 100vw, 1024px\"><\/figure><\/li><li class=\"blocks-gallery-item\"><figure><img decoding=\"async\" width=\"1024\" height=\"683\" src=\"https:\/\/www.elraconetjavea.com\/wp-content\/uploads\/2023\/01\/DSC7824-1024x683.jpg\" alt=\"Pizza Ham and Cheese El Raconet served to the customer\" data-id=\"1108\" data-full-url=\"https:\/\/www.elraconetjavea.com\/wp-content\/uploads\/2023\/01\/DSC7824-scaled.jpg\" data-link=\"https:\/\/www.elraconetjavea.com\/en\/_dsc7824-2\/\" class=\"wp-image-1108\" title=\"|\" srcset=\"https:\/\/www.elraconetjavea.com\/wp-content\/uploads\/2023\/01\/DSC7824-1024x683.jpg 1024w, https:\/\/www.elraconetjavea.com\/wp-content\/uploads\/2023\/01\/DSC7824-300x200.jpg 300w, https:\/\/www.elraconetjavea.com\/wp-content\/uploads\/2023\/01\/DSC7824-768x512.jpg 768w, https:\/\/www.elraconetjavea.com\/wp-content\/uploads\/2023\/01\/DSC7824-1536x1024.jpg 1536w, https:\/\/www.elraconetjavea.com\/wp-content\/uploads\/2023\/01\/DSC7824-2048x1365.jpg 2048w\" sizes=\"(max-width: 1024px) 100vw, 1024px\"><\/figure><\/li><li class=\"blocks-gallery-item\"><figure><img decoding=\"async\" width=\"1024\" height=\"683\" src=\"https:\/\/www.elraconetjavea.com\/wp-content\/uploads\/2023\/01\/DSC7826-1024x683.jpg\" alt=\"El Raconet sandwich served with mayonnaise and potatoes\" data-id=\"1109\" data-full-url=\"https:\/\/www.elraconetjavea.com\/wp-content\/uploads\/2023\/01\/DSC7826-scaled.jpg\" data-link=\"https:\/\/www.elraconetjavea.com\/en\/_dsc7826-2\/\" class=\"wp-image-1109\" title=\"|\" srcset=\"https:\/\/www.elraconetjavea.com\/wp-content\/uploads\/2023\/01\/DSC7826-1024x683.jpg 1024w, https:\/\/www.elraconetjavea.com\/wp-content\/uploads\/2023\/01\/DSC7826-300x200.jpg 300w, https:\/\/www.elraconetjavea.com\/wp-content\/uploads\/2023\/01\/DSC7826-768x512.jpg 768w, https:\/\/www.elraconetjavea.com\/wp-content\/uploads\/2023\/01\/DSC7826-1536x1024.jpg 1536w, https:\/\/www.elraconetjavea.com\/wp-content\/uploads\/2023\/01\/DSC7826-2048x1365.jpg 2048w\" sizes=\"(max-width: 1024px) 100vw, 1024px\"><\/figure><\/li><\/ul><\/figure>\n\n<h2 class=\"wp-block-heading\">Letter<\/h2>\n\n<div class=\"wp-block-buttons is-layout-flex wp-block-buttons-is-layout-flex\"><div class=\"wp-block-button\"><a class=\"wp-block-button__link\">See Letter<\/a><\/div><\/div>\n\n<figure class=\"wp-block-image size-thumbnail\"><img decoding=\"async\" src=\"{\" alt=\"|\" title=\"|\"><figcaption>|<\/figcaption><\/figure>\n\n<div class=\"wp-block-buttons is-layout-flex wp-block-buttons-is-layout-flex\"><div class=\"wp-block-button\"><a class=\"wp-block-button__link\">{term_name}<\/a><\/div><\/div>\n\n<figure class=\"wp-block-image size-thumbnail\"><img decoding=\"async\" src=\"{\" alt=\"|\" title=\"|\"><figcaption>|<\/figcaption><\/figure>\n\n<div class=\"wp-block-buttons is-layout-flex wp-block-buttons-is-layout-flex\"><div class=\"wp-block-button\"><a class=\"wp-block-button__link\">{term_name}<\/a><\/div><\/div>\n\n<div class=\"wp-block-buttons is-layout-flex wp-block-buttons-is-layout-flex\"><div class=\"wp-block-button\"><a class=\"wp-block-button__link\">Home Delivery<\/a><\/div><\/div>\n\n<h2 class=\"wp-block-heading\">Our Charter<\/h2>\n\n<!-- wp:Array \/-->\n\n<div class=\"wp-block-buttons is-layout-flex wp-block-buttons-is-layout-flex\"><div class=\"wp-block-button\"><a class=\"wp-block-button__link\">See Letter<\/a><\/div><\/div>\n\n<div class=\"wp-block-buttons is-layout-flex wp-block-buttons-is-layout-flex\"><div class=\"wp-block-button\"><a class=\"wp-block-button__link\">See Breakfast<\/a><\/div><\/div>\n\n<h3 class=\"has-text-align-center wp-block-heading\">{term_name}<\/h3>\n\n<h1 class=\"has-text-align-center wp-block-heading\">El Raconet de J\u00e1vea: Pizzas, Arepas and Hamburgers with its own essence in J\u00e1vea.<\/h1>\n\n<h2 class=\"has-text-align-center wp-block-heading\">Order food at home in J\u00e1vea: El Raconet at your house<\/h2>\n\n<p>Craving pizza, hamburger or an authentic arepa? Order now through Javea Express and receive it in 25-45 minutes. <\/p>","protected":false},"excerpt":{"rendered":"<p>About Us Letter Our Charter {term_name} El Raconet de J\u00e1vea: Pizzas, Arepas and Hamburgers with its own essence in J\u00e1vea. Order food at home in J\u00e1vea: El Raconet at your house Craving pizza, hamburger or an authentic arepa? Order now through Javea Express and receive it in 25-45 minutes.<\/p>\n","protected":false},"author":1,"featured_media":0,"parent":0,"menu_order":0,"comment_status":"closed","ping_status":"closed","template":"","meta":{"_joinchat":[],"footnotes":""},"class_list":["post-1326","page","type-page","status-publish","hentry"],"_links":{"self":[{"href":"https:\/\/www.elraconetjavea.com\/en\/wp-json\/wp\/v2\/pages\/1326","targetHints":{"allow":["GET"]}}],"collection":[{"href":"https:\/\/www.elraconetjavea.com\/en\/wp-json\/wp\/v2\/pages"}],"about":[{"href":"https:\/\/www.elraconetjavea.com\/en\/wp-json\/wp\/v2\/types\/page"}],"author":[{"embeddable":true,"href":"https:\/\/www.elraconetjavea.com\/en\/wp-json\/wp\/v2\/users\/1"}],"replies":[{"embeddable":true,"href":"https:\/\/www.elraconetjavea.com\/en\/wp-json\/wp\/v2\/comments?post=1326"}],"version-history":[{"count":23,"href":"https:\/\/www.elraconetjavea.com\/en\/wp-json\/wp\/v2\/pages\/1326\/revisions"}],"predecessor-version":[{"id":2420,"href":"https:\/\/www.elraconetjavea.com\/en\/wp-json\/wp\/v2\/pages\/1326\/revisions\/2420"}],"wp:attachment":[{"href":"https:\/\/www.elraconetjavea.com\/en\/wp-json\/wp\/v2\/media?parent=1326"}],"curies":[{"name":"wp","href":"https:\/\/api.w.org\/{rel}","templated":true}]}}